{"id":299,"date":"2020-11-02T19:21:48","date_gmt":"2020-11-02T19:21:48","guid":{"rendered":"https:\/\/www.mits.si\/sl\/?page_id=299"},"modified":"2020-11-03T18:53:28","modified_gmt":"2020-11-03T18:53:28","slug":"o-nas","status":"publish","type":"page","link":"https:\/\/www.mits.si\/sl\/o-nas\/","title":{"rendered":"O nas"},"content":{"rendered":"\t\t<div data-elementor-type=\"wp-page\" data-elementor-id=\"299\" class=\"elementor elementor-299\">\n\t\t\t\t\t\t<section class=\"elementor-section elementor-top-section elementor-element elementor-element-9e74459 elementor-section-boxed elementor-section-height-default elementor-section-height-default\" data-id=\"9e74459\" data-element_type=\"section\" data-e-type=\"section\">\n\t\t\t\t\t\t<div class=\"elementor-container elementor-column-gap-default\">\n\t\t\t\t\t<div class=\"elementor-column elementor-col-100 elementor-top-column elementor-element elementor-element-c6f59fb\" data-id=\"c6f59fb\" data-element_type=\"column\" data-e-type=\"column\">\n\t\t\t<div class=\"elementor-widget-wrap elementor-element-populated\">\n\t\t\t\t\t\t<div class=\"elementor-element elementor-element-458ec43 elementor-widget elementor-widget-image\" data-id=\"458ec43\" data-element_type=\"widget\" data-e-type=\"widget\" data-widget_type=\"image.default\">\n\t\t\t\t<div class=\"elementor-widget-container\">\n\t\t\t\t\t\t\t\t\t\t\t\t\t\t\t<img fetchpriority=\"high\" decoding=\"async\" width=\"512\" height=\"512\" src=\"https:\/\/www.mits.si\/wp-content\/uploads\/2018\/04\/mits_square_512px.png\" class=\"attachment-large size-large wp-image-47\" alt=\"\" srcset=\"https:\/\/www.mits.si\/wp-content\/uploads\/2018\/04\/mits_square_512px.png 512w, https:\/\/www.mits.si\/wp-content\/uploads\/2018\/04\/mits_square_512px-150x150.png 150w, https:\/\/www.mits.si\/wp-content\/uploads\/2018\/04\/mits_square_512px-300x300.png 300w\" sizes=\"(max-width: 512px) 100vw, 512px\" \/>\t\t\t\t\t\t\t\t\t\t\t\t\t\t\t<\/div>\n\t\t\t\t<\/div>\n\t\t\t\t<div class=\"elementor-element elementor-element-eb49d04 elementor-widget elementor-widget-heading\" data-id=\"eb49d04\" data-element_type=\"widget\" data-e-type=\"widget\" data-widget_type=\"heading.default\">\n\t\t\t\t<div class=\"elementor-widget-container\">\n\t\t\t\t\t<h1 class=\"elementor-heading-title elementor-size-default\"><p class=\"MsoNormal\"><span style=\"background:\">Programske re\u0161itve po meri va\u0161ega podjetja.<\/span><\/p><\/h1>\t\t\t\t<\/div>\n\t\t\t\t<\/div>\n\t\t\t\t\t<\/div>\n\t\t<\/div>\n\t\t\t\t\t<\/div>\n\t\t<\/section>\n\t\t\t\t<section class=\"elementor-section elementor-top-section elementor-element elementor-element-635784b elementor-section-boxed elementor-section-height-default elementor-section-height-default\" data-id=\"635784b\" data-element_type=\"section\" data-e-type=\"section\">\n\t\t\t\t\t\t<div class=\"elementor-container elementor-column-gap-default\">\n\t\t\t\t\t<div class=\"elementor-column elementor-col-100 elementor-top-column elementor-element elementor-element-6b7e7c0\" data-id=\"6b7e7c0\" data-element_type=\"column\" data-e-type=\"column\">\n\t\t\t<div class=\"elementor-widget-wrap elementor-element-populated\">\n\t\t\t\t\t\t<div class=\"elementor-element elementor-element-2beb924 elementor-widget elementor-widget-text-editor\" data-id=\"2beb924\" data-element_type=\"widget\" data-e-type=\"widget\" data-widget_type=\"text-editor.default\">\n\t\t\t\t<div class=\"elementor-widget-container\">\n\t\t\t\t\t\t\t\t\t<p>Osredoto\u010denost na re\u0161evanje konktretnih izzivov na\u0161ih naro\u010dnikov je rezultat optimizacije njihovih poslovnih procesov v nenehno spreminjajo\u010dem se poslovnem okolju.<\/p><p>Na podlagi ve\u010d kot ??-letnih izku\u0161enj\u00a0 v turizmu, energetiki in proizvodnih dejavnostih smo razvili prilagodljive re\u0161itve, ki poenostavljajo poslovne\u00a0procese, standardizirajo postopke ter s pomo\u010djo umetne intelligence omogo\u010dajo strojno u\u010denje v realnem \u010dasu.<\/p><p>Na\u0161e delovanje je usmerjeno k ljudem; kupcem, lastnikom, vodjem in\u00a0 zaposlenim ter njihovim specifi\u010dnim potrebam. Verjamemo, da smelo poenostavljanje poslovnih procesov vodi do ve\u010djih dobi\u010dkov, manj\u0161ih izgub in zadovoljstva vseh, ki soustvarjajo poslovne procese.<\/p>\t\t\t\t\t\t\t\t<\/div>\n\t\t\t\t<\/div>\n\t\t\t\t<div class=\"elementor-element elementor-element-ef79c55 elementor-align-center elementor-widget elementor-widget-button\" data-id=\"ef79c55\" data-element_type=\"widget\" data-e-type=\"widget\" data-widget_type=\"button.default\">\n\t\t\t\t<div class=\"elementor-widget-container\">\n\t\t\t\t\t\t\t\t\t<div class=\"elementor-button-wrapper\">\n\t\t\t\t\t<a class=\"elementor-button elementor-button-link elementor-size-sm\" href=\"#\">\n\t\t\t\t\t\t<span class=\"elementor-button-content-wrapper\">\n\t\t\t\t\t\t\t\t\t<span class=\"elementor-button-text\">\u017delim izvedeti ve\u010d o MITS IT re\u0161itvah<\/span>\n\t\t\t\t\t<\/span>\n\t\t\t\t\t<\/a>\n\t\t\t\t<\/div>\n\t\t\t\t\t\t\t\t<\/div>\n\t\t\t\t<\/div>\n\t\t\t\t\t<\/div>\n\t\t<\/div>\n\t\t\t\t\t<\/div>\n\t\t<\/section>\n\t\t\t\t<section class=\"elementor-section elementor-top-section elementor-element elementor-element-a0d532c elementor-section-boxed elementor-section-height-default elementor-section-height-default\" data-id=\"a0d532c\" data-element_type=\"section\" data-e-type=\"section\">\n\t\t\t\t\t\t<div class=\"elementor-container elementor-column-gap-default\">\n\t\t\t\t\t<div class=\"elementor-column elementor-col-100 elementor-top-column elementor-element elementor-element-087f608\" data-id=\"087f608\" data-element_type=\"column\" data-e-type=\"column\">\n\t\t\t<div class=\"elementor-widget-wrap elementor-element-populated\">\n\t\t\t\t\t\t<div class=\"elementor-element elementor-element-0ca0594 elementor-widget elementor-widget-text-editor\" data-id=\"0ca0594\" data-element_type=\"widget\" data-e-type=\"widget\" data-widget_type=\"text-editor.default\">\n\t\t\t\t<div class=\"elementor-widget-container\">\n\t\t\t\t\t\t\t\t\t<p>Verjamemo v IT re\u0161itve po meri ljudi!<\/p><p><strong>Boris Mori,<\/strong><\/p><p>direktor<\/p>\t\t\t\t\t\t\t\t<\/div>\n\t\t\t\t<\/div>\n\t\t\t\t\t<\/div>\n\t\t<\/div>\n\t\t\t\t\t<\/div>\n\t\t<\/section>\n\t\t\t\t<\/div>\n\t\t","protected":false},"excerpt":{"rendered":"<p>Programske re\u0161itve po meri va\u0161ega podjetja. Osredoto\u010denost na re\u0161evanje konktretnih izzivov na\u0161ih naro\u010dnikov je rezultat optimizacije njihovih poslovnih procesov v nenehno spreminjajo\u010dem se poslovnem okolju. Na podlagi ve\u010d kot ??-letnih izku\u0161enj\u00a0 v turizmu, energetiki in proizvodnih dejavnostih smo razvili prilagodljive re\u0161itve, ki poenostavljajo poslovne\u00a0procese, standardizirajo postopke ter s pomo\u010djo umetne intelligence omogo\u010dajo strojno u\u010denje v [&hellip;]<\/p>\n","protected":false},"author":1,"featured_media":0,"parent":0,"menu_order":2,"comment_status":"closed","ping_status":"closed","template":"","meta":{"footnotes":""},"class_list":["post-299","page","type-page","status-publish","czr-hentry"],"_links":{"self":[{"href":"https:\/\/www.mits.si\/sl\/wp-json\/wp\/v2\/pages\/299","targetHints":{"allow":["GET"]}}],"collection":[{"href":"https:\/\/www.mits.si\/sl\/wp-json\/wp\/v2\/pages"}],"about":[{"href":"https:\/\/www.mits.si\/sl\/wp-json\/wp\/v2\/types\/page"}],"author":[{"embeddable":true,"href":"https:\/\/www.mits.si\/sl\/wp-json\/wp\/v2\/users\/1"}],"replies":[{"embeddable":true,"href":"https:\/\/www.mits.si\/sl\/wp-json\/wp\/v2\/comments?post=299"}],"version-history":[{"count":3,"href":"https:\/\/www.mits.si\/sl\/wp-json\/wp\/v2\/pages\/299\/revisions"}],"predecessor-version":[{"id":312,"href":"https:\/\/www.mits.si\/sl\/wp-json\/wp\/v2\/pages\/299\/revisions\/312"}],"wp:attachment":[{"href":"https:\/\/www.mits.si\/sl\/wp-json\/wp\/v2\/media?parent=299"}],"curies":[{"name":"wp","href":"https:\/\/api.w.org\/{rel}","templated":true}]}}