{"id":13,"date":"2018-04-16T17:55:56","date_gmt":"2018-04-16T17:55:56","guid":{"rendered":"https:\/\/www.mits.si\/?page_id=13"},"modified":"2020-11-02T12:50:43","modified_gmt":"2020-11-02T12:50:43","slug":"politika-zasebnosti","status":"publish","type":"page","link":"https:\/\/www.mits.si\/sl\/politika-zasebnosti\/","title":{"rendered":"Politika zasebnosti"},"content":{"rendered":"<p><strong>Politika zasebnosti<\/strong><\/p>\n<p>&nbsp;<\/p>\n<p>V podjetju Mits, d. o. o., spo\u0161tujemo va\u0161o zasebnost in se zavedamo odgovornosti ravnanja z osebnimi podatki, zato vse zbirke osebnih podatkov vodimo, hranimo in nadzorujemo v skladu z Zakonom o varstvu osebnih podatkov (ZVOP-1, Ur. l.\u00a0RS, \u0161t. 94\/2007).<\/p>\n<p>Uporabniku spletne spletne strani Mits d.o.o, na spletnem naslovu <a href=\"http:\/\/www.mits.si\">www.mits.si<\/a> zagotavljamo<\/p>\n<ol>\n<li><strong>Pravica, da od ponudnika, kot upravljavca osebnih podatkov kadarkoli zahtevajo:<\/strong><\/li>\n<\/ol>\n<p><strong>\u00a0<\/strong><\/p>\n<ol>\n<li>dostop do osebnih podatkov in naslednje informacije:\n<ol>\n<li>namene obdelave; vrste osebnih podatkov;<\/li>\n<li>uporabnike ali kategorije uporabnikov, ki so jim bili ali jim bodo razkriti osebni podatki;<\/li>\n<li>predvideno obdobje hrambe osebnih podatkov ali, \u010de to ni mogo\u010de, merila, ki se uporabijo za dolo\u010ditev tega obdobja; obstoj avtomatiziranega sprejemanja odlo\u010ditev, vklju\u010dno z oblikovanjem profilov;<\/li>\n<\/ol>\n<\/li>\n<li>razloge zanj kot tudi pomen in predvidene posledice take obdelave za posameznika;<\/li>\n<li>eno (brezpla\u010dno) kopijo osebnih podatkov v obliki, ki jo dolo\u010di posameznik sam in sicer:\n<ol>\n<li>zahtevek mora biti podan v pisni obliki in sicer preko klasi\u010dne po\u0161te ali elektronske po\u0161te;<\/li>\n<li>za dodatne kopije, ki jih zahtevam, lahko upravljavec zara\u010duna razumno pristojbino ob upo\u0161tevanju stro\u0161kov;<\/li>\n<li>Upravljalec ima pravico dodatno preveriti istovetnost posameznika, ki podaja zahtevek na na\u010din, ki ga omogo\u010da tehnologija.<\/li>\n<\/ol>\n<\/li>\n<li>Popravek oziroma spremembo osebnih podatkov;<\/li>\n<li>Omejitev obdelave v primeru:\n<ol>\n<li>Oporekanja to\u010dnosti osebnih podatkov, in sicer za obdobje, ki upravljavcu omogo\u010da preveriti to\u010dnost osebnih podatkov;<\/li>\n<li>je obdelava nezakonita in nasprotujem izbrisu osebnih podatkov ter namesto tega zahtevah omejitev njihove uporabe;<\/li>\n<li>upravljavec osebnih podatkov ne potrebuje ve\u010d za namene obdelave, pa jih jaz potrebujem za uveljavljanje, izvajanje ali obrambo pravnih zahtevkov;<\/li>\n<\/ol>\n<\/li>\n<li>izbris vseh osebnih podatkov (pravica do pozabe), \u010de so izpolnjene predpostavke iz \u010dlena 17. \u010dlena <a href=\"https:\/\/eur-lex.europa.eu\/legal-content\/SL\/TXT\/HTML\/?uri=CELEX:32016R0679&#038;from=SL\">uredbe EU 2016\/679 o varstvu osebnih podatkov<\/a> predvsem pa v primeru, kadar prekli\u010dem to privolitev za obdelavo osebnih podatkov;<\/li>\n<li>izpis osebnih podatkov v strukturirani, splo\u0161no uporabljani in strojno berljivi obliki, s pravico, da te podatke posredujem drugemu upravljavcu, ne da bi me prvotni upravljavec pri tem oviral;<\/li>\n<li>prenehanje uporabe osebnih podatkov za namene neposrednega tr\u017eenja, vklju\u010dno z oblikovanjem profilov;<\/li>\n<li>da za posameznika ne velja odlo\u010ditev, ki temelji zgolj na avtomatizirani obdelavi, vklju\u010dno z oblikovanjem profilov, ki ima pravne u\u010dinke v zvezi s posameznikom ali na podoben na\u010din name znatno vpliva, \u010de so izpolnjene predpostavke iz \u010dlena 22 <a href=\"https:\/\/eur-lex.europa.eu\/legal-content\/SL\/TXT\/HTML\/?uri=CELEX:32016R0679&#038;from=SL\">uredbe EU 2016\/679 o varstvu osebnih podatkov<\/a>.<\/li>\n<\/ol>\n<p>&nbsp;<\/p>\n<ol>\n<li><strong>Pravica, da zoper upravljavca posameznik vlo\u017ei prito\u017ebo pri Informacijskem poobla\u0161\u010dencu, \u010de meni, da obdelava osebnih podatkov kr\u0161i Splo\u0161no uredbo o varstvu podatkov.<\/strong><\/li>\n<\/ol>\n<p>&nbsp;<\/p>\n<ol>\n<li>Postopek uveljavljanja pravic\n<ol>\n<li>Seznanjen sem, da lahko vse zgoraj navedene zahteve, ki se ti\u010dejo uveljavljanja pravic v zvezi z osebnimi podatki, naslovim v pisni obliki na upravljavca, in sicer na e-mail: helpdesk@mits.si.<\/li>\n<li>Seznanjen sem, da lahko upravljavec za potrebe zanesljive identifikacije v primeru uveljavljanja pravic v zvezi z osebnimi podatki od mene zahteva dodatne podatke, ukrepanje pa lahko zavrne le v primeru, da doka\u017ee, da me ne more zanesljivo identificirati.<\/li>\n<li>Upravljavec mora na zahtevo posameznika, s katero uveljavlja svoje pravice v zvezi z zgoraj navedenimi osebnimi podatki, odgovoriti brez nepotrebnega odla\u0161anja vendar ne kasneje kot v\u00a0 enem mesecu od prejema zahteve.<\/li>\n<\/ol>\n<\/li>\n<li>Izjava obdelovalca:\n<ol>\n<li>osebne podatke ne bomo posredovali tretjim osebam izven obmo\u010dja EU;<\/li>\n<li>Vsi obdelovalci osebnih podatkov so pravne ali fizi\u010dne osebe s podro\u010dja EU.<\/li>\n<li>Osebne podatke bomo obdelovali skladno z danimi privolitvami posameznika do preklica.<\/li>\n<li>Vsak posameznik ima pravico, kadar koli in brez pogojevanj, odstopiti od \u00bbnaro\u010dnine\u00ab skladno s splo\u0161nimi pogoji poslovanja.<\/li>\n<\/ol>\n<\/li>\n<\/ol>\n<p>&nbsp;<\/p>\n<p>Butari 4.4.2020<\/p>\n<p>Mits d.o.o.<\/p>\n<p>&nbsp;<\/p>\n<p>&nbsp;<\/p>\n","protected":false},"excerpt":{"rendered":"<p>Politika zasebnosti &nbsp; V podjetju Mits, d. o. o., spo\u0161tujemo va\u0161o zasebnost in se zavedamo odgovornosti ravnanja z osebnimi podatki, zato vse zbirke osebnih podatkov vodimo, hranimo in nadzorujemo v skladu z Zakonom o varstvu osebnih podatkov (ZVOP-1, Ur. l.\u00a0RS, \u0161t. 94\/2007). Uporabniku spletne spletne strani Mits d.o.o, na spletnem naslovu www.mits.si zagotavljamo Pravica, da [&hellip;]<\/p>\n","protected":false},"author":1,"featured_media":0,"parent":0,"menu_order":1,"comment_status":"closed","ping_status":"closed","template":"","meta":{"footnotes":""},"class_list":["post-13","page","type-page","status-publish","czr-hentry"],"_links":{"self":[{"href":"https:\/\/www.mits.si\/sl\/wp-json\/wp\/v2\/pages\/13","targetHints":{"allow":["GET"]}}],"collection":[{"href":"https:\/\/www.mits.si\/sl\/wp-json\/wp\/v2\/pages"}],"about":[{"href":"https:\/\/www.mits.si\/sl\/wp-json\/wp\/v2\/types\/page"}],"author":[{"embeddable":true,"href":"https:\/\/www.mits.si\/sl\/wp-json\/wp\/v2\/users\/1"}],"replies":[{"embeddable":true,"href":"https:\/\/www.mits.si\/sl\/wp-json\/wp\/v2\/comments?post=13"}],"version-history":[{"count":15,"href":"https:\/\/www.mits.si\/sl\/wp-json\/wp\/v2\/pages\/13\/revisions"}],"predecessor-version":[{"id":271,"href":"https:\/\/www.mits.si\/sl\/wp-json\/wp\/v2\/pages\/13\/revisions\/271"}],"wp:attachment":[{"href":"https:\/\/www.mits.si\/sl\/wp-json\/wp\/v2\/media?parent=13"}],"curies":[{"name":"wp","href":"https:\/\/api.w.org\/{rel}","templated":true}]}}