{"id":11,"date":"2018-04-16T17:55:48","date_gmt":"2018-04-16T17:55:48","guid":{"rendered":"https:\/\/www.mits.si\/?page_id=11"},"modified":"2020-11-02T19:38:16","modified_gmt":"2020-11-02T19:38:16","slug":"programske-resitve","status":"publish","type":"page","link":"https:\/\/www.mits.si\/sl\/programske-resitve\/","title":{"rendered":"Programske re\u0161itve"},"content":{"rendered":"\t\t<div data-elementor-type=\"wp-page\" data-elementor-id=\"11\" class=\"elementor elementor-11\">\n\t\t\t\t\t\t<section class=\"elementor-section elementor-top-section elementor-element elementor-element-e1081ab elementor-section-boxed elementor-section-height-default elementor-section-height-default\" data-id=\"e1081ab\" data-element_type=\"section\" data-e-type=\"section\">\n\t\t\t\t\t\t<div class=\"elementor-container elementor-column-gap-default\">\n\t\t\t\t\t<div class=\"elementor-column elementor-col-100 elementor-top-column elementor-element elementor-element-2ade5c5\" data-id=\"2ade5c5\" data-element_type=\"column\" data-e-type=\"column\">\n\t\t\t<div class=\"elementor-widget-wrap elementor-element-populated\">\n\t\t\t\t\t\t<div class=\"elementor-element elementor-element-77020d7 elementor-widget elementor-widget-heading\" data-id=\"77020d7\" data-element_type=\"widget\" data-e-type=\"widget\" data-widget_type=\"heading.default\">\n\t\t\t\t<div class=\"elementor-widget-container\">\n\t\t\t\t\t<h1 class=\"elementor-heading-title elementor-size-xl\"><p><span style=\"background:\">Programske re\u0161itve po meri va\u0161ega podjetja.<\/span><\/p><br><p><span style=\"color: var( --e-global-color-secondary );font-family: var( --e-global-typography-primary-font-family ), Sans-serif;font-weight: var( --e-global-typography-primary-font-weight );background:\">Gostinstvo. Trgovina. Hotelirstvo. Turizem. Storitvene dejavnosti.<\/span><span style=\"color: var( --e-global-color-secondary );font-family: var( --e-global-typography-primary-font-family ), Sans-serif;font-weight: var( --e-global-typography-primary-font-weight );background-color: inherit\"><\/span><\/p><\/h1>\t\t\t\t<\/div>\n\t\t\t\t<\/div>\n\t\t\t\t\t<\/div>\n\t\t<\/div>\n\t\t\t\t\t<\/div>\n\t\t<\/section>\n\t\t\t\t<section class=\"elementor-section elementor-top-section elementor-element elementor-element-9f9883c elementor-section-boxed elementor-section-height-default elementor-section-height-default\" data-id=\"9f9883c\" data-element_type=\"section\" data-e-type=\"section\">\n\t\t\t\t\t\t<div class=\"elementor-container elementor-column-gap-default\">\n\t\t\t\t\t<div class=\"elementor-column elementor-col-100 elementor-top-column elementor-element elementor-element-01ac409\" data-id=\"01ac409\" data-element_type=\"column\" data-e-type=\"column\">\n\t\t\t<div class=\"elementor-widget-wrap elementor-element-populated\">\n\t\t\t\t\t\t<div class=\"elementor-element elementor-element-2d9a016 elementor-flip-box--direction-right elementor-flip-box--3d elementor-flip-box--effect-flip elementor-widget elementor-widget-flip-box\" data-id=\"2d9a016\" data-element_type=\"widget\" data-e-type=\"widget\" data-widget_type=\"flip-box.default\">\n\t\t\t\t<div class=\"elementor-widget-container\">\n\t\t\t\t\t\t\t<div class=\"elementor-flip-box\">\n\t\t\t<div class=\"elementor-flip-box__layer elementor-flip-box__front\">\n\t\t\t\t<div class=\"elementor-flip-box__layer__overlay\">\n\t\t\t\t\t<div class=\"elementor-flip-box__layer__inner\">\n\t\t\t\t\t\t\t\t\t\t\t\t\t<div class=\"elementor-icon-wrapper elementor-view-default\">\n\t\t\t\t\t\t\t\t<div class=\"elementor-icon\">\n\t\t\t\t\t\t\t\t\t<i class=\"fas fa-shopping-bag\"><\/i>\t\t\t\t\t\t\t\t<\/div>\n\t\t\t\t\t\t\t<\/div>\n\t\t\t\t\t\t\n\t\t\t\t\t\t\t\t\t\t\t\t\t<h3 class=\"elementor-flip-box__layer__title\">\n\t\t\t\t\t\t\t\tMitsPROdajalna\t\t\t\t\t\t\t<\/h3>\n\t\t\t\t\t\t\n\t\t\t\t\t\t\t\t\t\t\t\t\t<div class=\"elementor-flip-box__layer__description\">\n\t\t\t\t\t\t\t\tNajenostavnej\u0161e izdajanje e-ra\u010dunov za ceno 6 kapu\u010dinov.\t\t\t\t\t\t\t<\/div>\n\t\t\t\t\t\t\t\t\t\t\t<\/div>\n\t\t\t\t<\/div>\n\t\t\t<\/div>\n\t\t\t<div class=\"elementor-flip-box__layer elementor-flip-box__back\">\n\t\t\t<div class=\"elementor-flip-box__layer__overlay\">\n\t\t\t\t<div class=\"elementor-flip-box__layer__inner\">\n\t\t\t\t\t\t\t\t\t\t\t<h3 class=\"elementor-flip-box__layer__title\">\n\t\t\t\t\t\t\tMitsPROdajalna\t\t\t\t\t\t<\/h3>\n\t\t\t\t\t\n\t\t\t\t\t\t\t\t\t\t\t<div class=\"elementor-flip-box__layer__description\">\n\t\t\t\t\t\t\tI\u0161\u010dete enostavnost izdajanja ra\u010dunov brez stro\u0161kov nakupa strojne opreme? Mits PROdajalno lahko namestimo na va\u0161 pametni telefon!\n\u2022\tNajem za manj kot ceno 6 kapu\u010dinov na mesec.\n\u2022\tEnostavna uporaba.\n\u2022\tPregledno urejanje artiklov preko uporabni\u0161kega portala.\n\u2022\tInstalacija na vse Android naprave v nekaj minutah.\n\u2022\tNi interneta ni panike \u2013 vse dav\u010dno nepotrjene ra\u010dune po\u0161ljemo na potrditev z enim klikom.\n\t\t\t\t\t\t<\/div>\n\t\t\t\t\t\n\t\t\t\t\t\t\t\t\t\t\t<a class=\"elementor-flip-box__button elementor-button elementor-size-sm\" href=\"https:\/\/www.mits.si\/sl\/kontakt\/\">\n\t\t\t\t\t\t\u017delim preizkusiti Mits PROdajalno.\t\t\t\t\t\t<\/a>\n\t\t\t\t\t\t\t\t<\/div>\n\t\t<\/div>\n\t\t<\/div>\n\t\t<\/div>\n\t\t\t\t\t\t<\/div>\n\t\t\t\t<\/div>\n\t\t\t\t\t<\/div>\n\t\t<\/div>\n\t\t\t\t\t<\/div>\n\t\t<\/section>\n\t\t\t\t<section class=\"elementor-section elementor-top-section elementor-element elementor-element-94bd1ca elementor-section-boxed elementor-section-height-default elementor-section-height-default\" data-id=\"94bd1ca\" data-element_type=\"section\" data-e-type=\"section\">\n\t\t\t\t\t\t<div class=\"elementor-container elementor-column-gap-default\">\n\t\t\t\t\t<div class=\"elementor-column elementor-col-100 elementor-top-column elementor-element elementor-element-f450ac6\" data-id=\"f450ac6\" data-element_type=\"column\" data-e-type=\"column\">\n\t\t\t<div class=\"elementor-widget-wrap elementor-element-populated\">\n\t\t\t\t\t\t<div class=\"elementor-element elementor-element-c0748f4 elementor-flip-box--direction-right elementor-flip-box--3d elementor-flip-box--effect-flip elementor-widget elementor-widget-flip-box\" data-id=\"c0748f4\" data-element_type=\"widget\" data-e-type=\"widget\" data-widget_type=\"flip-box.default\">\n\t\t\t\t<div class=\"elementor-widget-container\">\n\t\t\t\t\t\t\t<div class=\"elementor-flip-box\">\n\t\t\t<div class=\"elementor-flip-box__layer elementor-flip-box__front\">\n\t\t\t\t<div class=\"elementor-flip-box__layer__overlay\">\n\t\t\t\t\t<div class=\"elementor-flip-box__layer__inner\">\n\t\t\t\t\t\t\t\t\t\t\t\t\t<div class=\"elementor-icon-wrapper elementor-view-default\">\n\t\t\t\t\t\t\t\t<div class=\"elementor-icon\">\n\t\t\t\t\t\t\t\t\t<i class=\"fas fa-hand-holding\"><\/i>\t\t\t\t\t\t\t\t<\/div>\n\t\t\t\t\t\t\t<\/div>\n\t\t\t\t\t\t\n\t\t\t\t\t\t\t\t\t\t\t\t\t<h3 class=\"elementor-flip-box__layer__title\">\n\t\t\t\t\t\t\t\tMitsPOS\t\t\t\t\t\t\t<\/h3>\n\t\t\t\t\t\t\n\t\t\t\t\t\t\t\t\t\t\t\t\t<div class=\"elementor-flip-box__layer__description\">\n\t\t\t\t\t\t\t\tPrva izbira za pregledno poslovanje brez nepredvidenih izgub.\t\t\t\t\t\t\t<\/div>\n\t\t\t\t\t\t\t\t\t\t\t<\/div>\n\t\t\t\t<\/div>\n\t\t\t<\/div>\n\t\t\t<div class=\"elementor-flip-box__layer elementor-flip-box__back\">\n\t\t\t<div class=\"elementor-flip-box__layer__overlay\">\n\t\t\t\t<div class=\"elementor-flip-box__layer__inner\">\n\t\t\t\t\t\t\t\t\t\t\t<h3 class=\"elementor-flip-box__layer__title\">\n\t\t\t\t\t\t\tMitsPOS\t\t\t\t\t\t<\/h3>\n\t\t\t\t\t\n\t\t\t\t\t\t\t\t\t\t\t<div class=\"elementor-flip-box__layer__description\">\n\t\t\t\t\t\t\t\u017delite voditi zalogo blaga in \u017eelite izdati skupen ra\u010dun za ve\u010d naro\u010dil na isto mizo? Se ob zaklju\u010devanju blagajn pojavljajo nepredvidene izgube? Z MitsPOS vsi zaposleni delajo za isto blagajno! \n\u2022\t\u0160irok izbor stacionarnih in prenosnih blagajn.\n\u2022\tMo\u017enost parkiranja ra\u010duna na mizo.\n\u2022\tSpremljanje zalog v realnem \u010dasu.\n\u2022\tBolj\u0161i nadzor nad zaposlenimi.\n\u2022\tDeluje v Windows in Android okolju in\/ali v kombinaciji obeh.\n\u2022\tSamodejno ustvarjana varnostnih kopij v oblaku.\n\t\t\t\t\t\t<\/div>\n\t\t\t\t\t\n\t\t\t\t\t\t\t\t\t\t\t<a class=\"elementor-flip-box__button elementor-button elementor-size-sm\" href=\"https:\/\/www.mits.si\/sl\/kontakt\/\">\n\t\t\t\t\t\t\u017delim preizkusiti Mits POS.\t\t\t\t\t\t<\/a>\n\t\t\t\t\t\t\t\t<\/div>\n\t\t<\/div>\n\t\t<\/div>\n\t\t<\/div>\n\t\t\t\t\t\t<\/div>\n\t\t\t\t<\/div>\n\t\t\t\t\t<\/div>\n\t\t<\/div>\n\t\t\t\t\t<\/div>\n\t\t<\/section>\n\t\t\t\t<section class=\"elementor-section elementor-top-section elementor-element elementor-element-e82b617 elementor-section-boxed elementor-section-height-default elementor-section-height-default\" data-id=\"e82b617\" data-element_type=\"section\" data-e-type=\"section\">\n\t\t\t\t\t\t<div class=\"elementor-container elementor-column-gap-default\">\n\t\t\t\t\t<div class=\"elementor-column elementor-col-100 elementor-top-column elementor-element elementor-element-b58baca\" data-id=\"b58baca\" data-element_type=\"column\" data-e-type=\"column\">\n\t\t\t<div class=\"elementor-widget-wrap elementor-element-populated\">\n\t\t\t\t\t\t<div class=\"elementor-element elementor-element-059808b elementor-flip-box--direction-right elementor-flip-box--3d elementor-flip-box--effect-flip elementor-widget elementor-widget-flip-box\" data-id=\"059808b\" data-element_type=\"widget\" data-e-type=\"widget\" data-widget_type=\"flip-box.default\">\n\t\t\t\t<div class=\"elementor-widget-container\">\n\t\t\t\t\t\t\t<div class=\"elementor-flip-box\">\n\t\t\t<div class=\"elementor-flip-box__layer elementor-flip-box__front\">\n\t\t\t\t<div class=\"elementor-flip-box__layer__overlay\">\n\t\t\t\t\t<div class=\"elementor-flip-box__layer__inner\">\n\t\t\t\t\t\t\t\t\t\t\t\t\t<div class=\"elementor-icon-wrapper elementor-view-stacked elementor-shape-circle\">\n\t\t\t\t\t\t\t\t<div class=\"elementor-icon\">\n\t\t\t\t\t\t\t\t\t<i class=\"fas fa-hotel\"><\/i>\t\t\t\t\t\t\t\t<\/div>\n\t\t\t\t\t\t\t<\/div>\n\t\t\t\t\t\t\n\t\t\t\t\t\t\t\t\t\t\t\t\t<h3 class=\"elementor-flip-box__layer__title\">\n\t\t\t\t\t\t\t\tAvail.IT\t\t\t\t\t\t\t<\/h3>\n\t\t\t\t\t\t\n\t\t\t\t\t\t\t\t\t\t\t\t\t<div class=\"elementor-flip-box__layer__description\">\n\t\t\t\t\t\t\t\tProgramske re\u0161itve, ki rastejo z va\u0161imi potrebami in \u017eeljami.\t\t\t\t\t\t\t<\/div>\n\t\t\t\t\t\t\t\t\t\t\t<\/div>\n\t\t\t\t<\/div>\n\t\t\t<\/div>\n\t\t\t<div class=\"elementor-flip-box__layer elementor-flip-box__back\">\n\t\t\t<div class=\"elementor-flip-box__layer__overlay\">\n\t\t\t\t<div class=\"elementor-flip-box__layer__inner\">\n\t\t\t\t\t\n\t\t\t\t\t\t\t\t\t\t\t<div class=\"elementor-flip-box__layer__description\">\n\t\t\t\t\t\t\tKako gostom zagotoviti brezsti\u010dno naro\u010danje? Kako zagotoviti pla\u010dilo dostave? Kako optimizirati delovanje dostavne slu\u017ebe? Avail.IT programske re\u0161itve rastejo skupaj z va\u0161im podjetjem. \n\u2022\tVodenje zalog v realnem \u010dasu. \n\u2022\tZdru\u017eevanje naro\u010dil in delitev ra\u010dunov glede na vrsto pla\u010dila ali delitev ra\u010duna med gosti na vsaj tri na\u010dine. \n\u2022\tAvtomatizirana komunikacija med zaposlenimi, spremljanje naro\u010dil, natan\u010dno napovedovanje prve proste mize.\n\u2022\tPopoln nadzor nad poslovanjem z opozarjanjem na daljavo ter povezljivost z nadzornimi kamerami. \n\u2022\tMo\u017enost ve\u010djega upo\u0161tevanja COVID-19 varnostnih priporo\u010dil in komuniciranje s kupci in zaposlenimi z minimalnimi fizi\u010dnimi stiki. \n\u2022\tBrezpapirno poslovanje in po\u0161iljanje ra\u010dunov na pametne naprave kupcev. \n\u2022\tAvtomatizirana komunikacija, ki privar\u010duje \u010das in pove\u010da zadovoljstvo zaposlenih in kupcev; da zaposleni ne bodo tekali od kupca v kuhinjo in nazaj.\n\t\t\t\t\t\t<\/div>\n\t\t\t\t\t\n\t\t\t\t\t\t\t\t\t\t\t<a class=\"elementor-flip-box__button elementor-button elementor-size-sm\" href=\"https:\/\/www.mits.si\/sl\/kontakt\/\" target=\"_blank\">\n\t\t\t\t\t\t\u017delim izvedeti ve\u010d o re\u0161itvah Avail.IT. \t\t\t\t\t\t<\/a>\n\t\t\t\t\t\t\t\t<\/div>\n\t\t<\/div>\n\t\t<\/div>\n\t\t<\/div>\n\t\t\t\t\t\t<\/div>\n\t\t\t\t<\/div>\n\t\t\t\t\t<\/div>\n\t\t<\/div>\n\t\t\t\t\t<\/div>\n\t\t<\/section>\n\t\t\t\t<section class=\"elementor-section elementor-top-section elementor-element elementor-element-ec5f893 elementor-section-full_width elementor-section-height-default elementor-section-height-default\" data-id=\"ec5f893\" data-element_type=\"section\" data-e-type=\"section\">\n\t\t\t\t\t\t<div class=\"elementor-container elementor-column-gap-default\">\n\t\t\t\t\t<div class=\"elementor-column elementor-col-100 elementor-top-column elementor-element elementor-element-80dd3dc\" data-id=\"80dd3dc\" data-element_type=\"column\" data-e-type=\"column\">\n\t\t\t<div class=\"elementor-widget-wrap elementor-element-populated\">\n\t\t\t\t\t\t<div class=\"elementor-element elementor-element-ea40cb0 elementor-flip-box--direction-left elementor-flip-box--3d elementor-flip-box--effect-flip elementor-widget elementor-widget-flip-box\" data-id=\"ea40cb0\" data-element_type=\"widget\" data-e-type=\"widget\" data-widget_type=\"flip-box.default\">\n\t\t\t\t<div class=\"elementor-widget-container\">\n\t\t\t\t\t\t\t<div class=\"elementor-flip-box\">\n\t\t\t<div class=\"elementor-flip-box__layer elementor-flip-box__front\">\n\t\t\t\t<div class=\"elementor-flip-box__layer__overlay\">\n\t\t\t\t\t<div class=\"elementor-flip-box__layer__inner\">\n\t\t\t\t\t\t\t\t\t\t\t\t\t<div class=\"elementor-icon-wrapper elementor-view-default\">\n\t\t\t\t\t\t\t\t<div class=\"elementor-icon\">\n\t\t\t\t\t\t\t\t\t<i class=\"fas fa-globe-europe\"><\/i>\t\t\t\t\t\t\t\t<\/div>\n\t\t\t\t\t\t\t<\/div>\n\t\t\t\t\t\t\n\t\t\t\t\t\t\t\t\t\t\t\t\t<h3 class=\"elementor-flip-box__layer__title\">\n\t\t\t\t\t\t\t\tGDPR\t\t\t\t\t\t\t<\/h3>\n\t\t\t\t\t\t\n\t\t\t\t\t\t\t\t\t\t\t\t\t<div class=\"elementor-flip-box__layer__description\">\n\t\t\t\t\t\t\t\tUrejanje obdelave osebnih podatkov brez sivih las.\t\t\t\t\t\t\t<\/div>\n\t\t\t\t\t\t\t\t\t\t\t<\/div>\n\t\t\t\t<\/div>\n\t\t\t<\/div>\n\t\t\t<div class=\"elementor-flip-box__layer elementor-flip-box__back\">\n\t\t\t<div class=\"elementor-flip-box__layer__overlay\">\n\t\t\t\t<div class=\"elementor-flip-box__layer__inner\">\n\t\t\t\t\t\n\t\t\t\t\t\t\t\t\t\t\t<div class=\"elementor-flip-box__layer__description\">\n\t\t\t\t\t\t\tAli sta zbiranje osebnih podatkov in njihova obdelava v va\u0161em podjetju skladna z veljavnimi predpisi? Ste pripravili na\u010drt ravnanja za primer zlorabe osebnih podatkov? Urejanje GDPR prepustite nam! \n\n\u2022\tUreditev predpisane dokumentacije. \n\u2022\tDolo\u010ditev politik obdelave osebnih podatkov.\n\u2022\tSeznanitev zaposlenih v skladu s predpisanimi postopki. \n\u2022\tPriprava na\u010drta za primer zlorabe osebnih podatkov.\n\u2022\tPriprava potrebnih obvestil.\n\u2022\tCertificirano svetovanje, ki zagotavlja skladnost z evropsko uredbo in nacionalno zakonodajo. \n\t\t\t\t\t\t<\/div>\n\t\t\t\t\t\n\t\t\t\t\t\t\t\t\t\t\t<a class=\"elementor-flip-box__button elementor-button elementor-size-sm\">\n\t\t\t\t\t\t\u017delimo urediti podro\u010dje GDPR.  \t\t\t\t\t\t<\/a>\n\t\t\t\t\t\t\t\t<\/div>\n\t\t<\/div>\n\t\t<\/div>\n\t\t<\/div>\n\t\t\t\t\t\t<\/div>\n\t\t\t\t<\/div>\n\t\t\t\t\t<\/div>\n\t\t<\/div>\n\t\t\t\t\t<\/div>\n\t\t<\/section>\n\t\t\t\t<\/div>\n\t\t","protected":false},"excerpt":{"rendered":"<p>Programske re\u0161itve po meri va\u0161ega podjetja. Gostinstvo. Trgovina. Hotelirstvo. Turizem. Storitvene dejavnosti. MitsPROdajalna Najenostavnej\u0161e izdajanje e-ra\u010dunov za ceno 6 kapu\u010dinov. MitsPROdajalna I\u0161\u010dete enostavnost izdajanja ra\u010dunov brez stro\u0161kov nakupa strojne opreme? Mits PROdajalno lahko namestimo na va\u0161 pametni telefon! \u2022 Najem za manj kot ceno 6 kapu\u010dinov na mesec. \u2022 Enostavna uporaba. \u2022 Pregledno urejanje artiklov [&hellip;]<\/p>\n","protected":false},"author":1,"featured_media":0,"parent":0,"menu_order":3,"comment_status":"closed","ping_status":"closed","template":"","meta":{"footnotes":""},"class_list":["post-11","page","type-page","status-publish","czr-hentry"],"_links":{"self":[{"href":"https:\/\/www.mits.si\/sl\/wp-json\/wp\/v2\/pages\/11","targetHints":{"allow":["GET"]}}],"collection":[{"href":"https:\/\/www.mits.si\/sl\/wp-json\/wp\/v2\/pages"}],"about":[{"href":"https:\/\/www.mits.si\/sl\/wp-json\/wp\/v2\/types\/page"}],"author":[{"embeddable":true,"href":"https:\/\/www.mits.si\/sl\/wp-json\/wp\/v2\/users\/1"}],"replies":[{"embeddable":true,"href":"https:\/\/www.mits.si\/sl\/wp-json\/wp\/v2\/comments?post=11"}],"version-history":[{"count":20,"href":"https:\/\/www.mits.si\/sl\/wp-json\/wp\/v2\/pages\/11\/revisions"}],"predecessor-version":[{"id":297,"href":"https:\/\/www.mits.si\/sl\/wp-json\/wp\/v2\/pages\/11\/revisions\/297"}],"wp:attachment":[{"href":"https:\/\/www.mits.si\/sl\/wp-json\/wp\/v2\/media?parent=11"}],"curies":[{"name":"wp","href":"https:\/\/api.w.org\/{rel}","templated":true}]}}